{"id":3473,"date":"2023-09-12T19:48:34","date_gmt":"2023-09-12T17:48:34","guid":{"rendered":"https:\/\/shop.hsg-stuttgart-metzingen.de\/?post_type=product&#038;p=3473"},"modified":"2025-08-01T19:27:34","modified_gmt":"2025-08-01T17:27:34","slug":"trainingsjacke-mit-kapuze-damen","status":"publish","type":"product","link":"https:\/\/shop.hsg-stuttgart-metzingen.de\/?product=trainingsjacke-mit-kapuze-damen","title":{"rendered":"Trainingsjacke mit Kapuze Damen"},"content":{"rendered":"<p>Die Six Wings Trainingsjacke ist aus einem robusten Materialmix gefertigt, der jeder sportlichen Herausforderung standh\u00e4lt. Dank dem Baumwollanteil f\u00fchlt sich die Trainingsjacke super weich auf der Haut an. Gleichzeitig erh\u00e4lt sie durch das Polyester ihre funktionellen Eigenschaften. Die Trainingsjacke kommt mit praktischen Extras, wie seitlichen Rei\u00dfverschlusstaschen, breiten Rippb\u00fcndchen an den \u00c4rmeln und dem Saum sowie einem hohen Kragen mit Kapuze, welche sie zu einem wahren Must-have machen. F\u00fcr eine optimale Passform sorgt der taillierte Schnitt.<\/p>\n<p><span style=\"font-size: 1.7em;\">MATERIAL<\/span><\/p>\n<div class=\"description-block description-block-material\">\n<ul class=\"description-block__content\">\n<li class=\"list-item\"><span class=\"list-item__value\">65% Polyester, 35% Baumwolle<\/span><\/li>\n<\/ul>\n<\/div>\n<div class=\"description-block description-block-moreinfos\">\n<p><span class=\"list-item__title\">Pflege:<\/span>\u00a0<span class=\"list-item__value entry--content\">Maschinenw\u00e4sche bei 30 \u00b0C, nicht Trockner geeignet, kein Weichsp\u00fcler, nicht bleichen oder chemisch reinigen.<\/span><\/p>\n<\/div>\n","protected":false},"excerpt":{"rendered":"<ul class=\"description-block__content\">\n<li><strong>Inkl. Standard HSG Druck mit Sponsoren und Initialen<\/strong><\/li>\n<li class=\"list-item\"><span class=\"list-item__value\">Weicher Materialmix<\/span><\/li>\n<li class=\"list-item\"><span class=\"list-item__value\">Cotton Touch f\u00fcr ein angenehmes Tragegef\u00fchl<\/span><\/li>\n<li class=\"list-item\"><span class=\"list-item__value\">Hoher Kragen mit Kapuze<\/span><\/li>\n<li class=\"list-item\"><span class=\"list-item__value\">Breite Rippb\u00fcndchen an \u00c4rmel und Saum<\/span><\/li>\n<li class=\"list-item\"><span class=\"list-item__value\">Seitliche Rei\u00dfverschlusstaschen<\/span><\/li>\n<li class=\"list-item\"><span class=\"list-item__value\">ERIMA Schwingen-Design auf der Schulter<\/span><\/li>\n<li class=\"list-item\"><span class=\"list-item__value\">Taillierter Schnitt<\/span><\/li>\n<\/ul>\n","protected":false},"featured_media":3796,"template":"","meta":[],"product_brand":[],"product_cat":[70,163,94,104],"product_tag":[],"class_list":{"0":"post-3473","1":"product","2":"type-product","3":"status-publish","4":"has-post-thumbnail","6":"product_cat-damen","7":"product_cat-grundausstattung","8":"product_cat-hsg-team-kollektion","9":"product_cat-jacken-damen","11":"first","12":"instock","13":"shipping-taxable","14":"purchasable","15":"product-type-variable","16":"has-default-attributes"},"_links":{"self":[{"href":"https:\/\/shop.hsg-stuttgart-metzingen.de\/index.php?rest_route=\/wp\/v2\/product\/3473","targetHints":{"allow":["GET"]}}],"collection":[{"href":"https:\/\/shop.hsg-stuttgart-metzingen.de\/index.php?rest_route=\/wp\/v2\/product"}],"about":[{"href":"https:\/\/shop.hsg-stuttgart-metzingen.de\/index.php?rest_route=\/wp\/v2\/types\/product"}],"wp:featuredmedia":[{"embeddable":true,"href":"https:\/\/shop.hsg-stuttgart-metzingen.de\/index.php?rest_route=\/wp\/v2\/media\/3796"}],"wp:attachment":[{"href":"https:\/\/shop.hsg-stuttgart-metzingen.de\/index.php?rest_route=%2Fwp%2Fv2%2Fmedia&parent=3473"}],"wp:term":[{"taxonomy":"product_brand","embeddable":true,"href":"https:\/\/shop.hsg-stuttgart-metzingen.de\/index.php?rest_route=%2Fwp%2Fv2%2Fproduct_brand&post=3473"},{"taxonomy":"product_cat","embeddable":true,"href":"https:\/\/shop.hsg-stuttgart-metzingen.de\/index.php?rest_route=%2Fwp%2Fv2%2Fproduct_cat&post=3473"},{"taxonomy":"product_tag","embeddable":true,"href":"https:\/\/shop.hsg-stuttgart-metzingen.de\/index.php?rest_route=%2Fwp%2Fv2%2Fproduct_tag&post=3473"}],"curies":[{"name":"wp","href":"https:\/\/api.w.org\/{rel}","templated":true}]}}