{"id":3489,"date":"2023-09-12T20:13:41","date_gmt":"2023-09-12T18:13:41","guid":{"rendered":"https:\/\/shop.hsg-stuttgart-metzingen.de\/?post_type=product&#038;p=3489"},"modified":"2025-01-22T15:47:35","modified_gmt":"2025-01-22T14:47:35","slug":"trainingshose-worker-herren","status":"publish","type":"product","link":"https:\/\/shop.hsg-stuttgart-metzingen.de\/?product=trainingshose-worker-herren","title":{"rendered":"Trainingshose Worker Herren"},"content":{"rendered":"<p>Die Six Wings Worker Hose ist der ideale Begleiter f\u00fcr dein n\u00e4chstes Training. Sie ist aus einem strapazierf\u00e4higen Polyestermaterial gefertigt, das besonders robust ist. Dank einem breiten Bund mit Kordelzug passt sich die Trainingshose optimal an und sitzt sicher, ohne zu verrutschen. Praktische Extras, wie die seitlichen Rei\u00dfverschlusstaschen, breite Rippb\u00fcndchen sowie Rei\u00dfverschl\u00fcsse am Beinabschluss machen die Hose zu einem wahren Must-have. Und auch das Design der Six Wings Worker Hose \u00fcberzeugt auf voll L\u00e4nger: Mit dem stylischen ERIMA Schwingen-Design an der Seite und der schmal zulaufenden Passform liegst du voll im Trend.<\/p>\n<p><strong>Inkl. HSG Logo<\/strong><\/p>\n<h3 class=\"description-block__title\">MATERIAL<\/h3>\n<ul class=\"description-block__content\">\n<li class=\"list-item\"><span class=\"list-item__value\">100% Polyester<\/span><\/li>\n<\/ul>\n<p><span class=\"list-item__title\">Pflege:<\/span>\u00a0<span class=\"list-item__value entry--content\">Maschinenw\u00e4sche bei 30 \u00b0C, nicht Trockner geeignet, kein Weichsp\u00fcler, nicht bleichen oder chemisch reinigen.<\/span><\/p>\n<p>&nbsp;<\/p>\n","protected":false},"excerpt":{"rendered":"<ul>\n<li><strong>Inkl. HSG Logo<\/strong><\/li>\n<li class=\"list-item\"><span class=\"list-item__value\">Breiter, elastischer Bund mit Kordelzug<\/span><\/li>\n<li class=\"list-item\"><span class=\"list-item__value\">Seitliche Rei\u00dfverschlusstaschen<\/span><\/li>\n<li class=\"list-item\"><span class=\"list-item__value\">Breite Rippb\u00fcndchen am Beinabschluss<\/span><\/li>\n<li class=\"list-item\"><span class=\"list-item__value\">Beinabschluss mit Rei\u00dfverschluss<\/span><\/li>\n<li class=\"list-item\"><span class=\"list-item__value\">Schmal zulaufende Passform<\/span><\/li>\n<li class=\"list-item\"><span class=\"list-item__value\">ERIMA Schwingen-Design oben an der Seite<\/span><\/li>\n<li class=\"list-item\"><span class=\"list-item__value\">Strapazierf\u00e4higes Funktionsmaterial<\/span><\/li>\n<li class=\"list-item\"><span class=\"list-item__value\">Hose vor dem ersten Gebrauch waschen<\/span><\/li>\n<\/ul>\n","protected":false},"featured_media":3800,"template":"","meta":[],"product_brand":[],"product_cat":[163,95,99,94],"product_tag":[],"class_list":{"0":"post-3489","1":"product","2":"type-product","3":"status-publish","4":"has-post-thumbnail","6":"product_cat-grundausstattung","7":"product_cat-herren","8":"product_cat-hosen","9":"product_cat-hsg-team-kollektion","11":"first","12":"instock","13":"shipping-taxable","14":"purchasable","15":"product-type-variable","16":"has-default-attributes"},"_links":{"self":[{"href":"https:\/\/shop.hsg-stuttgart-metzingen.de\/index.php?rest_route=\/wp\/v2\/product\/3489","targetHints":{"allow":["GET"]}}],"collection":[{"href":"https:\/\/shop.hsg-stuttgart-metzingen.de\/index.php?rest_route=\/wp\/v2\/product"}],"about":[{"href":"https:\/\/shop.hsg-stuttgart-metzingen.de\/index.php?rest_route=\/wp\/v2\/types\/product"}],"wp:featuredmedia":[{"embeddable":true,"href":"https:\/\/shop.hsg-stuttgart-metzingen.de\/index.php?rest_route=\/wp\/v2\/media\/3800"}],"wp:attachment":[{"href":"https:\/\/shop.hsg-stuttgart-metzingen.de\/index.php?rest_route=%2Fwp%2Fv2%2Fmedia&parent=3489"}],"wp:term":[{"taxonomy":"product_brand","embeddable":true,"href":"https:\/\/shop.hsg-stuttgart-metzingen.de\/index.php?rest_route=%2Fwp%2Fv2%2Fproduct_brand&post=3489"},{"taxonomy":"product_cat","embeddable":true,"href":"https:\/\/shop.hsg-stuttgart-metzingen.de\/index.php?rest_route=%2Fwp%2Fv2%2Fproduct_cat&post=3489"},{"taxonomy":"product_tag","embeddable":true,"href":"https:\/\/shop.hsg-stuttgart-metzingen.de\/index.php?rest_route=%2Fwp%2Fv2%2Fproduct_tag&post=3489"}],"curies":[{"name":"wp","href":"https:\/\/api.w.org\/{rel}","templated":true}]}}