{"id":3514,"date":"2023-09-12T20:23:35","date_gmt":"2023-09-12T18:23:35","guid":{"rendered":"https:\/\/shop.hsg-stuttgart-metzingen.de\/?post_type=product&#038;p=3514"},"modified":"2025-08-01T19:25:03","modified_gmt":"2025-08-01T17:25:03","slug":"trainingsjacke-worker-kinder","status":"publish","type":"product","link":"https:\/\/shop.hsg-stuttgart-metzingen.de\/?product=trainingsjacke-worker-kinder","title":{"rendered":"Trainingsjacke Worker Kinder"},"content":{"rendered":"<p>Die Six Wings Worker Jacke ist aus einem sehr strapazierf\u00e4higen Polyestermaterial gefertigt, das jedem Training standh\u00e4lt. Die vielen praktischen Extras machen sie zu deinem idealen Trainingspartner: Breite Rippb\u00fcndchen an den \u00c4rmeln und Saum sorgen f\u00fcr einen optimalen Sitz, der Stehkragen sch\u00fctzt dich vor kalter Zugluft. Au\u00dferdem kommt die Worker Jacke mit seitlichen Rei\u00dfverschlusstaschen, in denen wichtige Gegenst\u00e4nde sicher verstaut werden k\u00f6nnen. Abgerundet wird die Jacke durch ihr modernes Design: Der moderne, schmale Schnitt und das stylische ERIMA Schwingen-Design auf der Schulter machen sie zu einem echten Blickfang.<\/p>\n<p><strong>Inkl. Standard HSG Druck mit Initialen<\/strong><\/p>\n<h3 class=\"description-block__title\">MATERIAL<\/h3>\n<ul class=\"description-block__content\">\n<li class=\"list-item\"><span class=\"list-item__value\">100% Polyester<\/span><\/li>\n<\/ul>\n<p><span class=\"list-item__title\">Pflege:<\/span>\u00a0<span class=\"list-item__value entry--content\">Maschinenw\u00e4sche bei 30 \u00b0C, nicht Trockner geeignet, kein Weichsp\u00fcler, nicht bleichen oder chemisch reinigen.<\/span><\/p>\n","protected":false},"excerpt":{"rendered":"<ul class=\"description-block__content\">\n<li><strong>Inkl. Standard HSG Druck mit Sponsoren und Initialen<\/strong><\/li>\n<li class=\"list-item\"><span class=\"list-item__value\">Strapazierf\u00e4higes Funktionsmaterial<\/span><\/li>\n<li class=\"list-item\"><span class=\"list-item__value\">Breite Rippb\u00fcndchen an \u00c4rmel und Saum<\/span><\/li>\n<li class=\"list-item\"><span class=\"list-item__value\">Stehkragen<\/span><\/li>\n<li class=\"list-item\"><span class=\"list-item__value\">Seitliche Rei\u00dfverschlusstaschen<\/span><\/li>\n<li class=\"list-item\"><span class=\"list-item__value\">Moderner, schmaler Schnitt<\/span><\/li>\n<li class=\"list-item\"><span class=\"list-item__value\">ERIMA Schwingen-Design auf der Schulter<\/span><\/li>\n<\/ul>\n","protected":false},"featured_media":3797,"template":"","meta":[],"product_brand":[],"product_cat":[94,105,97],"product_tag":[],"class_list":{"0":"post-3514","1":"product","2":"type-product","3":"status-publish","4":"has-post-thumbnail","6":"product_cat-hsg-team-kollektion","7":"product_cat-jacken-kinder","8":"product_cat-kinder","10":"first","11":"instock","12":"shipping-taxable","13":"purchasable","14":"product-type-variable","15":"has-default-attributes"},"_links":{"self":[{"href":"https:\/\/shop.hsg-stuttgart-metzingen.de\/index.php?rest_route=\/wp\/v2\/product\/3514","targetHints":{"allow":["GET"]}}],"collection":[{"href":"https:\/\/shop.hsg-stuttgart-metzingen.de\/index.php?rest_route=\/wp\/v2\/product"}],"about":[{"href":"https:\/\/shop.hsg-stuttgart-metzingen.de\/index.php?rest_route=\/wp\/v2\/types\/product"}],"wp:featuredmedia":[{"embeddable":true,"href":"https:\/\/shop.hsg-stuttgart-metzingen.de\/index.php?rest_route=\/wp\/v2\/media\/3797"}],"wp:attachment":[{"href":"https:\/\/shop.hsg-stuttgart-metzingen.de\/index.php?rest_route=%2Fwp%2Fv2%2Fmedia&parent=3514"}],"wp:term":[{"taxonomy":"product_brand","embeddable":true,"href":"https:\/\/shop.hsg-stuttgart-metzingen.de\/index.php?rest_route=%2Fwp%2Fv2%2Fproduct_brand&post=3514"},{"taxonomy":"product_cat","embeddable":true,"href":"https:\/\/shop.hsg-stuttgart-metzingen.de\/index.php?rest_route=%2Fwp%2Fv2%2Fproduct_cat&post=3514"},{"taxonomy":"product_tag","embeddable":true,"href":"https:\/\/shop.hsg-stuttgart-metzingen.de\/index.php?rest_route=%2Fwp%2Fv2%2Fproduct_tag&post=3514"}],"curies":[{"name":"wp","href":"https:\/\/api.w.org\/{rel}","templated":true}]}}