{"id":3570,"date":"2023-09-17T16:03:06","date_gmt":"2023-09-17T14:03:06","guid":{"rendered":"https:\/\/shop.hsg-stuttgart-metzingen.de\/?post_type=product&#038;p=3570"},"modified":"2025-01-22T15:42:34","modified_gmt":"2025-01-22T14:42:34","slug":"shorts-worker-kinder","status":"publish","type":"product","link":"https:\/\/shop.hsg-stuttgart-metzingen.de\/?product=shorts-worker-kinder","title":{"rendered":"Shorts Worker Kinder"},"content":{"rendered":"<p>Ob beim Sport oder im Alltag, mit unserer Six Wings Worker Short profitierst du aufgrund des funktionellen Polyestermaterials von einem angenehmen Tragegef\u00fchl. Die Hose sitzt dank elastischem Bund mit Kordelzug optimal und verrutscht nicht. In den seitlichen Rei\u00dfverschlusstaschen kannst du wichtige Gegenst\u00e4nde wie Smartphone und Co. sicher verstauen. Ein optisches Highlight ist das ERIMA Schwingen-Design an der Seite. Die Short ist in 9 verschiedenen Farben erh\u00e4ltlich und l\u00e4sst sich perfekt zu allen Oberteilen der Six Wings Teamline sowie vielen weiteren ERIMA Artikeln kombinieren.<\/p>\n<h3 class=\"description-block__title\">MATERIAL<\/h3>\n<ul class=\"description-block__content\">\n<li class=\"list-item\"><span class=\"list-item__value\">100% Polyester<\/span><\/li>\n<\/ul>\n<p><span class=\"list-item__title\">Pflege:<\/span>\u00a0<span class=\"list-item__value entry--content\">Maschinenw\u00e4sche bei 30 \u00b0C, nicht Trockner geeignet, kein Weichsp\u00fcler, nicht bleichen oder chemisch reinigen.<\/span><\/p>\n<p>&nbsp;<\/p>\n","protected":false},"excerpt":{"rendered":"<ul class=\"description-block__content\">\n<li class=\"list-item\"><span class=\"list-item__value\">Strapazierf\u00e4higes Funktionsmaterial<\/span><\/li>\n<li class=\"list-item\"><span class=\"list-item__value\">Breiter, elastischer Bund mit Kordelzug<\/span><\/li>\n<li class=\"list-item\"><span class=\"list-item__value\">Seitliche Rei\u00dfverschlusstaschen<\/span><\/li>\n<li class=\"list-item\"><span class=\"list-item__value\">Ohne Innenslip<\/span><\/li>\n<li class=\"list-item\"><span class=\"list-item__value\">ERIMA Schwingen-Design an der Seite<\/span><\/li>\n<li class=\"list-item\"><span class=\"list-item__value\">Hose vor dem ersten Gebrauch waschen<\/span><\/li>\n<\/ul>\n","protected":false},"featured_media":3830,"template":"","meta":[],"product_brand":[],"product_cat":[100,97],"product_tag":[],"class_list":{"0":"post-3570","1":"product","2":"type-product","3":"status-publish","4":"has-post-thumbnail","6":"product_cat-hosen-kinder","7":"product_cat-kinder","9":"first","10":"instock","11":"shipping-taxable","12":"purchasable","13":"product-type-variable","14":"has-default-attributes"},"_links":{"self":[{"href":"https:\/\/shop.hsg-stuttgart-metzingen.de\/index.php?rest_route=\/wp\/v2\/product\/3570","targetHints":{"allow":["GET"]}}],"collection":[{"href":"https:\/\/shop.hsg-stuttgart-metzingen.de\/index.php?rest_route=\/wp\/v2\/product"}],"about":[{"href":"https:\/\/shop.hsg-stuttgart-metzingen.de\/index.php?rest_route=\/wp\/v2\/types\/product"}],"wp:featuredmedia":[{"embeddable":true,"href":"https:\/\/shop.hsg-stuttgart-metzingen.de\/index.php?rest_route=\/wp\/v2\/media\/3830"}],"wp:attachment":[{"href":"https:\/\/shop.hsg-stuttgart-metzingen.de\/index.php?rest_route=%2Fwp%2Fv2%2Fmedia&parent=3570"}],"wp:term":[{"taxonomy":"product_brand","embeddable":true,"href":"https:\/\/shop.hsg-stuttgart-metzingen.de\/index.php?rest_route=%2Fwp%2Fv2%2Fproduct_brand&post=3570"},{"taxonomy":"product_cat","embeddable":true,"href":"https:\/\/shop.hsg-stuttgart-metzingen.de\/index.php?rest_route=%2Fwp%2Fv2%2Fproduct_cat&post=3570"},{"taxonomy":"product_tag","embeddable":true,"href":"https:\/\/shop.hsg-stuttgart-metzingen.de\/index.php?rest_route=%2Fwp%2Fv2%2Fproduct_tag&post=3570"}],"curies":[{"name":"wp","href":"https:\/\/api.w.org\/{rel}","templated":true}]}}