{"id":3611,"date":"2023-09-17T16:58:41","date_gmt":"2023-09-17T14:58:41","guid":{"rendered":"https:\/\/shop.hsg-stuttgart-metzingen.de\/?post_type=product&#038;p=3611"},"modified":"2025-08-01T19:21:31","modified_gmt":"2025-08-01T17:21:31","slug":"six-wings-poloshirt-damen","status":"publish","type":"product","link":"https:\/\/shop.hsg-stuttgart-metzingen.de\/?product=six-wings-poloshirt-damen","title":{"rendered":"Six Wings Poloshirt Damen"},"content":{"rendered":"<p>Unser Six Wings Poloshirt sorgt dank seinem klassischen Polokragen f\u00fcr einen sportlich eleganten Look \u2013 egal ob im Alltag oder beim Sport. Dank dem leichten, schnelltrocknenden Funktionsmaterial erh\u00e4ltst du ein angenehm trockenes Tragegef\u00fchl in jeder Situation. Das Poloshirt ist in 11 verschiedenen Farben erh\u00e4ltlich, die sich hervorragend kombinieren lassen \u2013 zu Sporthosen genauso wie zu Jeans. Ein wahrer Blickfang ist dabei das ERIMA Schwingen-Design auf der Schulter. Damit du von einer optimalen Passform und einer sch\u00f6nen Silhouette profitieren kannst, ist das Poloshirt tailliert geschnitten.<\/p>\n<p><span style=\"font-size: 1.7em;\">MATERIAL<\/span><\/p>\n<div class=\"description-block description-block-material\">\n<ul class=\"description-block__content\">\n<li class=\"list-item\"><span class=\"list-item__value\">100% Polyester<\/span><\/li>\n<\/ul>\n<\/div>\n<div class=\"description-block description-block-moreinfos\">\n<p><span class=\"list-item__title\">Pflege:<\/span>\u00a0<span class=\"list-item__value entry--content\">Maschinenw\u00e4sche bei 30 \u00b0C, nicht Trockner geeignet, kein Weichsp\u00fcler, nicht bleichen oder chemisch reinigen.<\/span><\/p>\n<\/div>\n","protected":false},"excerpt":{"rendered":"<ul class=\"description-block__content\">\n<li><strong>Inkl. Standard HSG Druck mit Sponsoren und Nachname<\/strong><\/li>\n<li class=\"list-item\"><span class=\"list-item__value\">Leichtes, schnelltrocknendes Funktionsmaterial<\/span><\/li>\n<li class=\"list-item\"><span class=\"list-item__value\">Gerippter Polokragen mit Knopfleiste<\/span><\/li>\n<li class=\"list-item\"><span class=\"list-item__value\">ERIMA Schwingen-Design auf der Schulter<\/span><\/li>\n<li class=\"list-item\"><span class=\"list-item__value\">Taillierter Schnitt<\/span><\/li>\n<\/ul>\n","protected":false},"featured_media":3817,"template":"","meta":[],"product_brand":[],"product_cat":[70,101],"product_tag":[],"class_list":{"0":"post-3611","1":"product","2":"type-product","3":"status-publish","4":"has-post-thumbnail","6":"product_cat-damen","7":"product_cat-oberteile-damen","9":"first","10":"instock","11":"shipping-taxable","12":"purchasable","13":"product-type-variable","14":"has-default-attributes"},"_links":{"self":[{"href":"https:\/\/shop.hsg-stuttgart-metzingen.de\/index.php?rest_route=\/wp\/v2\/product\/3611","targetHints":{"allow":["GET"]}}],"collection":[{"href":"https:\/\/shop.hsg-stuttgart-metzingen.de\/index.php?rest_route=\/wp\/v2\/product"}],"about":[{"href":"https:\/\/shop.hsg-stuttgart-metzingen.de\/index.php?rest_route=\/wp\/v2\/types\/product"}],"wp:featuredmedia":[{"embeddable":true,"href":"https:\/\/shop.hsg-stuttgart-metzingen.de\/index.php?rest_route=\/wp\/v2\/media\/3817"}],"wp:attachment":[{"href":"https:\/\/shop.hsg-stuttgart-metzingen.de\/index.php?rest_route=%2Fwp%2Fv2%2Fmedia&parent=3611"}],"wp:term":[{"taxonomy":"product_brand","embeddable":true,"href":"https:\/\/shop.hsg-stuttgart-metzingen.de\/index.php?rest_route=%2Fwp%2Fv2%2Fproduct_brand&post=3611"},{"taxonomy":"product_cat","embeddable":true,"href":"https:\/\/shop.hsg-stuttgart-metzingen.de\/index.php?rest_route=%2Fwp%2Fv2%2Fproduct_cat&post=3611"},{"taxonomy":"product_tag","embeddable":true,"href":"https:\/\/shop.hsg-stuttgart-metzingen.de\/index.php?rest_route=%2Fwp%2Fv2%2Fproduct_tag&post=3611"}],"curies":[{"name":"wp","href":"https:\/\/api.w.org\/{rel}","templated":true}]}}