{"id":3773,"date":"2023-11-04T20:16:42","date_gmt":"2023-11-04T19:16:42","guid":{"rendered":"https:\/\/shop.hsg-stuttgart-metzingen.de\/?post_type=product&#038;p=3773"},"modified":"2025-03-15T20:23:25","modified_gmt":"2025-03-15T19:23:25","slug":"torhueterinnen-trikot-pink-erima","status":"publish","type":"product","link":"https:\/\/shop.hsg-stuttgart-metzingen.de\/?product=torhueterinnen-trikot-pink-erima","title":{"rendered":"Torh\u00fcterinnen Trikot grau-beige Erima"},"content":{"rendered":"<p>Torh\u00fcterinnen Trikots<\/p>\n<p>Trikotnummer vor der Bestellung immer mit Jones abkl\u00e4ren, falls ihr noch keine feste Nummer habt (shop@hsg-stuttgart-metzingen.de).<br \/>\nDie Trikotnummer k\u00f6nnt ihr am Ende in der Bestellung angeben.<\/p>\n<p><strong>Die Trikots k\u00f6nnen nur 2x j\u00e4hrlich bestellt werden. Die Bestellzeitr\u00e4ume werden vom Shop Team kommuniziert. Lieferzeit betr\u00e4gt 6-8 Wochen!<\/strong><\/p>\n","protected":false},"excerpt":{"rendered":"<ul>\n<li><strong>Nur f\u00fcr Spielerinnen der HSG<\/strong><\/li>\n<li><strong>Lieferzeit 6-8 Wochen<\/strong><\/li>\n<\/ul>\n<p>Pers\u00f6nliches Torh\u00fcterinnen Trikot mit Namen und Spielernummer<\/p>\n","protected":false},"featured_media":4646,"template":"","meta":[],"product_brand":[],"product_cat":[70,163,94,101],"product_tag":[],"class_list":{"0":"post-3773","1":"product","2":"type-product","3":"status-publish","4":"has-post-thumbnail","6":"product_cat-damen","7":"product_cat-grundausstattung","8":"product_cat-hsg-team-kollektion","9":"product_cat-oberteile-damen","11":"first","12":"instock","13":"shipping-taxable","14":"purchasable","15":"product-type-variable","16":"has-default-attributes"},"_links":{"self":[{"href":"https:\/\/shop.hsg-stuttgart-metzingen.de\/index.php?rest_route=\/wp\/v2\/product\/3773","targetHints":{"allow":["GET"]}}],"collection":[{"href":"https:\/\/shop.hsg-stuttgart-metzingen.de\/index.php?rest_route=\/wp\/v2\/product"}],"about":[{"href":"https:\/\/shop.hsg-stuttgart-metzingen.de\/index.php?rest_route=\/wp\/v2\/types\/product"}],"wp:featuredmedia":[{"embeddable":true,"href":"https:\/\/shop.hsg-stuttgart-metzingen.de\/index.php?rest_route=\/wp\/v2\/media\/4646"}],"wp:attachment":[{"href":"https:\/\/shop.hsg-stuttgart-metzingen.de\/index.php?rest_route=%2Fwp%2Fv2%2Fmedia&parent=3773"}],"wp:term":[{"taxonomy":"product_brand","embeddable":true,"href":"https:\/\/shop.hsg-stuttgart-metzingen.de\/index.php?rest_route=%2Fwp%2Fv2%2Fproduct_brand&post=3773"},{"taxonomy":"product_cat","embeddable":true,"href":"https:\/\/shop.hsg-stuttgart-metzingen.de\/index.php?rest_route=%2Fwp%2Fv2%2Fproduct_cat&post=3773"},{"taxonomy":"product_tag","embeddable":true,"href":"https:\/\/shop.hsg-stuttgart-metzingen.de\/index.php?rest_route=%2Fwp%2Fv2%2Fproduct_tag&post=3773"}],"curies":[{"name":"wp","href":"https:\/\/api.w.org\/{rel}","templated":true}]}}