{"id":4106,"date":"2024-03-08T19:30:59","date_gmt":"2024-03-08T18:30:59","guid":{"rendered":"https:\/\/shop.hsg-stuttgart-metzingen.de\/?post_type=product&#038;p=4106"},"modified":"2024-03-22T09:52:41","modified_gmt":"2024-03-22T08:52:41","slug":"unisex-3-pack-classic-5-c-socken","status":"publish","type":"product","link":"https:\/\/shop.hsg-stuttgart-metzingen.de\/?product=unisex-3-pack-classic-5-c-socken","title":{"rendered":"UNISEX 3-PACK CLASSIC 5-C SOCKEN"},"content":{"rendered":"<p>Sportsocken geh\u00f6ren einfach mit dazu. Die 3-PACK 5-C SOCKEN punkten durch ihren hohen Polyesteranteil beim Sport genauso wie in der Freizeit. Die Mesh-Struktur am Spann reguliert die Feuchtigkeit optimal. F\u00fcr mehr Strapazierf\u00e4higkeit sind die Socken an den Fersen und Zehen verst\u00e4rkt. F\u00fcr einen sportlichen Look kommt der ERIMA Klassiker wie gewohnt mit W\u00fcrfelprint. Perfekt f\u00fcr Spiel und Training in jedem Teamsport<\/p>\n<h3 class=\"description-block__title\">MATERIAL<\/h3>\n<ul class=\"description-block__content\">\n<li class=\"list-item\"><span class=\"list-item__value\">59% Polyester, 32% Baumwolle, 5% Polyamid, 4% Elasthan<br \/>\n<\/span><span class=\"list-item__title\"><br \/>\nPflege:<\/span>\u00a0<span class=\"list-item__value entry--content\">Maschinenw\u00e4sche bei 40 \u00b0C, nicht Trockner geeignet, kein Weichsp\u00fcler, nicht bleichen oder chemisch reinigen.<\/span><\/li>\n<\/ul>\n","protected":false},"excerpt":{"rendered":"<ul class=\"description-block__content\">\n<li class=\"list-item\"><span class=\"list-item__value\">Weicher und langlebiger Materialmix<\/span><\/li>\n<li class=\"list-item\"><span class=\"list-item__value\">Verst\u00e4rkter Fersen- und Zehenbereich<\/span><\/li>\n<li class=\"list-item\"><span class=\"list-item__value\">Feuchtigkeitsregulierende Mesh-Struktur am Spann<\/span><\/li>\n<li class=\"list-item\"><span class=\"list-item__value\">Anschmiegsame Passform<\/span><\/li>\n<li class=\"list-item\"><span class=\"list-item__value\">Eingearbeitetes CLASSIC 5-C Design<\/span><\/li>\n<li class=\"list-item\"><span class=\"list-item__value\">F\u00fcr Damen, Herren und Kinder<\/span><\/li>\n<\/ul>\n","protected":false},"featured_media":4112,"template":"","meta":[],"product_brand":[],"product_cat":[66,110],"product_tag":[],"class_list":{"0":"post-4106","1":"product","2":"type-product","3":"status-publish","4":"has-post-thumbnail","6":"product_cat-equipment","7":"product_cat-socken-equipment","9":"first","10":"instock","11":"shipping-taxable","12":"purchasable","13":"product-type-variable","14":"has-default-attributes"},"_links":{"self":[{"href":"https:\/\/shop.hsg-stuttgart-metzingen.de\/index.php?rest_route=\/wp\/v2\/product\/4106","targetHints":{"allow":["GET"]}}],"collection":[{"href":"https:\/\/shop.hsg-stuttgart-metzingen.de\/index.php?rest_route=\/wp\/v2\/product"}],"about":[{"href":"https:\/\/shop.hsg-stuttgart-metzingen.de\/index.php?rest_route=\/wp\/v2\/types\/product"}],"wp:featuredmedia":[{"embeddable":true,"href":"https:\/\/shop.hsg-stuttgart-metzingen.de\/index.php?rest_route=\/wp\/v2\/media\/4112"}],"wp:attachment":[{"href":"https:\/\/shop.hsg-stuttgart-metzingen.de\/index.php?rest_route=%2Fwp%2Fv2%2Fmedia&parent=4106"}],"wp:term":[{"taxonomy":"product_brand","embeddable":true,"href":"https:\/\/shop.hsg-stuttgart-metzingen.de\/index.php?rest_route=%2Fwp%2Fv2%2Fproduct_brand&post=4106"},{"taxonomy":"product_cat","embeddable":true,"href":"https:\/\/shop.hsg-stuttgart-metzingen.de\/index.php?rest_route=%2Fwp%2Fv2%2Fproduct_cat&post=4106"},{"taxonomy":"product_tag","embeddable":true,"href":"https:\/\/shop.hsg-stuttgart-metzingen.de\/index.php?rest_route=%2Fwp%2Fv2%2Fproduct_tag&post=4106"}],"curies":[{"name":"wp","href":"https:\/\/api.w.org\/{rel}","templated":true}]}}