{"id":4143,"date":"2024-03-22T09:55:06","date_gmt":"2024-03-22T08:55:06","guid":{"rendered":"https:\/\/shop.hsg-stuttgart-metzingen.de\/?post_type=product&#038;p=4143"},"modified":"2025-01-22T15:59:50","modified_gmt":"2025-01-22T14:59:50","slug":"unisex-valencia-schiedsrichtershorts","status":"publish","type":"product","link":"https:\/\/shop.hsg-stuttgart-metzingen.de\/?product=unisex-valencia-schiedsrichtershorts","title":{"rendered":"UNISEX VALENCIA SCHIEDSRICHTERSHORTS"},"content":{"rendered":"<div class=\"product--description\">Die VALENCIA SCHIEDSRICHTERSHORTS passt zu allen Schiedsrichtertrikots. Das Material leitet die Feuchtigkeit ab und trocknet schnell. Taschen an der Seite und am Ges\u00e4\u00df bieten dir zus\u00e4tzlichen Platz f\u00fcr deine Schiedsrichter-Utensilien.<\/div>\n<div><\/div>\n<div><\/div>\n<div>\n<h4 class=\"description-block__title\">MATERIAL<\/h4>\n<ul class=\"description-block__content\">\n<li class=\"list-item\"><span class=\"list-item__value\">100% Polyester<\/span><\/li>\n<\/ul>\n<\/div>\n","protected":false},"excerpt":{"rendered":"<ul class=\"description-block__content\">\n<li class=\"list-item\"><span class=\"list-item__value\">Schnelltrocknendes Material<\/span><\/li>\n<li class=\"list-item\"><span class=\"list-item__value\">Verschlie\u00dfbare Seitentaschen f\u00fcr wichtige Kleinteile<\/span><\/li>\n<li class=\"list-item\"><span class=\"list-item__value\">Zwei Klettverschluss-Ges\u00e4\u00dftaschen f\u00fcr zus\u00e4tzlichen Stauraum<\/span><\/li>\n<\/ul>\n","protected":false},"featured_media":4150,"template":"","meta":[],"product_brand":[],"product_cat":[131],"product_tag":[],"class_list":{"0":"post-4143","1":"product","2":"type-product","3":"status-publish","4":"has-post-thumbnail","6":"product_cat-schiedsrichter","8":"first","9":"instock","10":"shipping-taxable","11":"purchasable","12":"product-type-variable","13":"has-default-attributes"},"_links":{"self":[{"href":"https:\/\/shop.hsg-stuttgart-metzingen.de\/index.php?rest_route=\/wp\/v2\/product\/4143","targetHints":{"allow":["GET"]}}],"collection":[{"href":"https:\/\/shop.hsg-stuttgart-metzingen.de\/index.php?rest_route=\/wp\/v2\/product"}],"about":[{"href":"https:\/\/shop.hsg-stuttgart-metzingen.de\/index.php?rest_route=\/wp\/v2\/types\/product"}],"wp:featuredmedia":[{"embeddable":true,"href":"https:\/\/shop.hsg-stuttgart-metzingen.de\/index.php?rest_route=\/wp\/v2\/media\/4150"}],"wp:attachment":[{"href":"https:\/\/shop.hsg-stuttgart-metzingen.de\/index.php?rest_route=%2Fwp%2Fv2%2Fmedia&parent=4143"}],"wp:term":[{"taxonomy":"product_brand","embeddable":true,"href":"https:\/\/shop.hsg-stuttgart-metzingen.de\/index.php?rest_route=%2Fwp%2Fv2%2Fproduct_brand&post=4143"},{"taxonomy":"product_cat","embeddable":true,"href":"https:\/\/shop.hsg-stuttgart-metzingen.de\/index.php?rest_route=%2Fwp%2Fv2%2Fproduct_cat&post=4143"},{"taxonomy":"product_tag","embeddable":true,"href":"https:\/\/shop.hsg-stuttgart-metzingen.de\/index.php?rest_route=%2Fwp%2Fv2%2Fproduct_tag&post=4143"}],"curies":[{"name":"wp","href":"https:\/\/api.w.org\/{rel}","templated":true}]}}