{"id":4152,"date":"2024-03-22T10:20:35","date_gmt":"2024-03-22T09:20:35","guid":{"rendered":"https:\/\/shop.hsg-stuttgart-metzingen.de\/?post_type=product&#038;p=4152"},"modified":"2025-01-22T15:02:03","modified_gmt":"2025-01-22T14:02:03","slug":"six-wings-schuhtasche","status":"publish","type":"product","link":"https:\/\/shop.hsg-stuttgart-metzingen.de\/?product=six-wings-schuhtasche","title":{"rendered":"SIX WINGS SCHUHTASCHE"},"content":{"rendered":"<p>Die ger\u00e4umige Schuhtasche bietet ausreichend Stauraum f\u00fcr deine Sportschuhe und kann dank dem praktischen Doppel-Rei\u00dfverschluss unkompliziert ge\u00f6ffnet werden. Die Tasche ist aus einem sehr strapazierf\u00e4higen Material gefertigt und deshalb besonders langlebig. Sie kommt mit einer praktischen Schlaufe, sodass du die Schuhtasche bequem Tragen oder in der Umkleide aufh\u00e4ngen kannst. Ein weiteres, praktisches Extra sind \u00d6ffnungen an der Vorderseite f\u00fcr eine ideale Bel\u00fcftung.<\/p>\n<h3 class=\"description-block__title\">MATERIAL<\/h3>\n<ul class=\"description-block__content\">\n<li class=\"list-item\"><span class=\"list-item__value\">100% 600D Polyester<br \/>\n<\/span><span class=\"list-item__title\">Pflege:<\/span>\u00a0<span class=\"list-item__value entry--content\">Handw\u00e4sche<\/span><\/li>\n<\/ul>\n","protected":false},"excerpt":{"rendered":"<ul class=\"description-block__content\">\n<li><strong>Wahlweise mit oder ohne HSG Logo und Initialen<\/strong><\/li>\n<li class=\"list-item\"><span class=\"list-item__value\">Ger\u00e4umiges Hauptfach mit Doppel-Rei\u00dfverschluss<\/span><\/li>\n<li class=\"list-item\"><span class=\"list-item__value\">Praktische Schlaufe zum Tragen und Aufh\u00e4ngen<\/span><\/li>\n<li class=\"list-item\"><span class=\"list-item__value\">\u00d6ffnungen zur Bel\u00fcftung<\/span><\/li>\n<li class=\"list-item\"><span class=\"list-item__value\">Strapazierf\u00e4higes Material<\/span><\/li>\n<li class=\"list-item\"><span class=\"list-item__value\">Gr\u00f6\u00dfe: 35 x 24 x 16 cm (L x B x H), 14 Liter<\/span><\/li>\n<\/ul>\n","protected":false},"featured_media":4155,"template":"","meta":[],"product_brand":[],"product_cat":[66,94,133],"product_tag":[],"class_list":{"0":"post-4152","1":"product","2":"type-product","3":"status-publish","4":"has-post-thumbnail","6":"product_cat-equipment","7":"product_cat-hsg-team-kollektion","8":"product_cat-taschen","10":"first","11":"instock","12":"shipping-taxable","13":"purchasable","14":"product-type-variable","15":"has-default-attributes"},"_links":{"self":[{"href":"https:\/\/shop.hsg-stuttgart-metzingen.de\/index.php?rest_route=\/wp\/v2\/product\/4152","targetHints":{"allow":["GET"]}}],"collection":[{"href":"https:\/\/shop.hsg-stuttgart-metzingen.de\/index.php?rest_route=\/wp\/v2\/product"}],"about":[{"href":"https:\/\/shop.hsg-stuttgart-metzingen.de\/index.php?rest_route=\/wp\/v2\/types\/product"}],"wp:featuredmedia":[{"embeddable":true,"href":"https:\/\/shop.hsg-stuttgart-metzingen.de\/index.php?rest_route=\/wp\/v2\/media\/4155"}],"wp:attachment":[{"href":"https:\/\/shop.hsg-stuttgart-metzingen.de\/index.php?rest_route=%2Fwp%2Fv2%2Fmedia&parent=4152"}],"wp:term":[{"taxonomy":"product_brand","embeddable":true,"href":"https:\/\/shop.hsg-stuttgart-metzingen.de\/index.php?rest_route=%2Fwp%2Fv2%2Fproduct_brand&post=4152"},{"taxonomy":"product_cat","embeddable":true,"href":"https:\/\/shop.hsg-stuttgart-metzingen.de\/index.php?rest_route=%2Fwp%2Fv2%2Fproduct_cat&post=4152"},{"taxonomy":"product_tag","embeddable":true,"href":"https:\/\/shop.hsg-stuttgart-metzingen.de\/index.php?rest_route=%2Fwp%2Fv2%2Fproduct_tag&post=4152"}],"curies":[{"name":"wp","href":"https:\/\/api.w.org\/{rel}","templated":true}]}}