{"id":4160,"date":"2024-03-08T21:09:24","date_gmt":"2024-03-08T20:09:24","guid":{"rendered":"https:\/\/shop.hsg-stuttgart-metzingen.de\/?post_type=product&#038;p=4160"},"modified":"2025-01-22T16:07:44","modified_gmt":"2025-01-22T15:07:44","slug":"six-wings-sporttasche","status":"publish","type":"product","link":"https:\/\/shop.hsg-stuttgart-metzingen.de\/?product=six-wings-sporttasche","title":{"rendered":"SIX WINGS SPORTTASCHE"},"content":{"rendered":"<p>Mit der praktischen SIX WINGS Sporttasche bist du bereit f\u00fcr dein n\u00e4chstes Training oder Spiel. Dank optimaler Konstruktion bietet die Tasche gr\u00f6\u00dftm\u00f6glichen Stauraum f\u00fcr dein gesamtes Equipment. Damit du sie bequem Tragen kannst, ist sie mit einem verstellbaren Schultergurt sowie Tragegriffen ausgestattet. F\u00fcr eine l\u00e4ngere Haltbarkeit sind diese speziell fixiert. Damit du getragene Kleidung oder dein nasses Handtuch separat verstauen kannst, verf\u00fcgt die Sporttasche au\u00dferdem \u00fcber praktische Seitentaschen mit integriertem Nassfach und Bel\u00fcftung.<\/p>\n<p>&nbsp;<\/p>\n<p>&nbsp;<\/p>\n<h3 class=\"description-block__title\">MATERIAL<\/h3>\n<ul class=\"description-block__content\">\n<li class=\"list-item\"><span class=\"list-item__value\">100% 600D Polyester<br \/>\n<\/span><span class=\"list-item__title\">Pflege:<\/span>\u00a0<span class=\"list-item__value entry--content\">Handw\u00e4sche<\/span><\/li>\n<\/ul>\n","protected":false},"excerpt":{"rendered":"<ul class=\"description-block__content\">\n<li><strong>Wahlweise mit oder ohne HSG Logo und Initialen<\/strong><\/li>\n<li class=\"list-item\"><span class=\"list-item__value\">Optimale Konstruktion f\u00fcr gr\u00f6\u00dftm\u00f6glichen Stauraum<\/span><\/li>\n<li class=\"list-item\"><span class=\"list-item__value\">Seitentaschen mit integriertem Nassfach und Bel\u00fcftung<\/span><\/li>\n<li class=\"list-item\"><span class=\"list-item__value\">Speziell fixierte Tragegurte f\u00fcr l\u00e4ngere Haltbarkeit<\/span><\/li>\n<li class=\"list-item\"><span class=\"list-item__value\">Verstellbarer Schultergurt<\/span><\/li>\n<li class=\"list-item\"><span class=\"list-item__value\">Optimale Veredelungsm\u00f6glichkeiten<\/span><\/li>\n<li class=\"list-item\"><span class=\"list-item__value\">Gr\u00f6\u00dfe S: 49 x 23 x 25 cm (L x B x H), 28 Liter<\/span><\/li>\n<li class=\"list-item\"><span class=\"list-item__value\">Gr\u00f6\u00dfe M: 61 x 29 x 28 cm (L x B x H), 49,5 Liter<\/span><\/li>\n<li class=\"list-item\"><span class=\"list-item__value\">Gr\u00f6\u00dfe L: 70 x 32 x 34 cm (L x B x H), 76 Liter<\/span><\/li>\n<\/ul>\n","protected":false},"featured_media":4170,"template":"","meta":[],"product_brand":[],"product_cat":[66,94,133],"product_tag":[],"class_list":{"0":"post-4160","1":"product","2":"type-product","3":"status-publish","4":"has-post-thumbnail","6":"product_cat-equipment","7":"product_cat-hsg-team-kollektion","8":"product_cat-taschen","10":"first","11":"instock","12":"shipping-taxable","13":"purchasable","14":"product-type-variable","15":"has-default-attributes"},"_links":{"self":[{"href":"https:\/\/shop.hsg-stuttgart-metzingen.de\/index.php?rest_route=\/wp\/v2\/product\/4160","targetHints":{"allow":["GET"]}}],"collection":[{"href":"https:\/\/shop.hsg-stuttgart-metzingen.de\/index.php?rest_route=\/wp\/v2\/product"}],"about":[{"href":"https:\/\/shop.hsg-stuttgart-metzingen.de\/index.php?rest_route=\/wp\/v2\/types\/product"}],"wp:featuredmedia":[{"embeddable":true,"href":"https:\/\/shop.hsg-stuttgart-metzingen.de\/index.php?rest_route=\/wp\/v2\/media\/4170"}],"wp:attachment":[{"href":"https:\/\/shop.hsg-stuttgart-metzingen.de\/index.php?rest_route=%2Fwp%2Fv2%2Fmedia&parent=4160"}],"wp:term":[{"taxonomy":"product_brand","embeddable":true,"href":"https:\/\/shop.hsg-stuttgart-metzingen.de\/index.php?rest_route=%2Fwp%2Fv2%2Fproduct_brand&post=4160"},{"taxonomy":"product_cat","embeddable":true,"href":"https:\/\/shop.hsg-stuttgart-metzingen.de\/index.php?rest_route=%2Fwp%2Fv2%2Fproduct_cat&post=4160"},{"taxonomy":"product_tag","embeddable":true,"href":"https:\/\/shop.hsg-stuttgart-metzingen.de\/index.php?rest_route=%2Fwp%2Fv2%2Fproduct_tag&post=4160"}],"curies":[{"name":"wp","href":"https:\/\/api.w.org\/{rel}","templated":true}]}}