{"id":4187,"date":"2024-03-22T10:17:55","date_gmt":"2024-03-22T09:17:55","guid":{"rendered":"https:\/\/shop.hsg-stuttgart-metzingen.de\/?post_type=product&#038;p=4187"},"modified":"2025-01-22T14:59:15","modified_gmt":"2025-01-22T13:59:15","slug":"erilette","status":"publish","type":"product","link":"https:\/\/shop.hsg-stuttgart-metzingen.de\/?product=erilette","title":{"rendered":"ERILETTE"},"content":{"rendered":"<p>Die Erilette hat eine weiche, vorgeformte Sohle und bietet dir dadurch einen hohen Tragekomfort. Dieser wird durch die schnelltrocknende Bandage erg\u00e4nzt: Sie sorgt f\u00fcr einen optimalen Sitz ohne Einschneiden und ein angenehmes Tragegef\u00fchl. Die Erilette ist aus einem sehr pflegeleichten und gleichzeitig strapazierf\u00e4higen Material gefertigt, sodass du besonders von der Langlebigkeit profitierst.<\/p>\n","protected":false},"excerpt":{"rendered":"<ul class=\"description-block__content\">\n<li class=\"list-item\"><span class=\"list-item__value\">Schlichtes, modernes Six Wings Design<\/span><\/li>\n<li class=\"list-item\"><span class=\"list-item__value\">Vorgeformte, weiche Sohle f\u00fcr bequemsten Tragekomfort<\/span><\/li>\n<li class=\"list-item\"><span class=\"list-item__value\">Feste, schnelltrocknende Bandage f\u00fcr optimalen Sitz ohne Einschneiden<\/span><\/li>\n<li class=\"list-item\"><span class=\"list-item__value\">Optimale Veredelungsm\u00f6glichkeiten<\/span><\/li>\n<li class=\"list-item\"><span class=\"list-item__value\">Pflegeleicht, strapazierf\u00e4hig, bequem<\/span><\/li>\n<\/ul>\n","protected":false},"featured_media":4200,"template":"","meta":[],"product_brand":[],"product_cat":[66,132],"product_tag":[],"class_list":{"0":"post-4187","1":"product","2":"type-product","3":"status-publish","4":"has-post-thumbnail","6":"product_cat-equipment","7":"product_cat-sonstiges-zubehoer","9":"first","10":"instock","11":"shipping-taxable","12":"purchasable","13":"product-type-variable","14":"has-default-attributes"},"_links":{"self":[{"href":"https:\/\/shop.hsg-stuttgart-metzingen.de\/index.php?rest_route=\/wp\/v2\/product\/4187","targetHints":{"allow":["GET"]}}],"collection":[{"href":"https:\/\/shop.hsg-stuttgart-metzingen.de\/index.php?rest_route=\/wp\/v2\/product"}],"about":[{"href":"https:\/\/shop.hsg-stuttgart-metzingen.de\/index.php?rest_route=\/wp\/v2\/types\/product"}],"wp:featuredmedia":[{"embeddable":true,"href":"https:\/\/shop.hsg-stuttgart-metzingen.de\/index.php?rest_route=\/wp\/v2\/media\/4200"}],"wp:attachment":[{"href":"https:\/\/shop.hsg-stuttgart-metzingen.de\/index.php?rest_route=%2Fwp%2Fv2%2Fmedia&parent=4187"}],"wp:term":[{"taxonomy":"product_brand","embeddable":true,"href":"https:\/\/shop.hsg-stuttgart-metzingen.de\/index.php?rest_route=%2Fwp%2Fv2%2Fproduct_brand&post=4187"},{"taxonomy":"product_cat","embeddable":true,"href":"https:\/\/shop.hsg-stuttgart-metzingen.de\/index.php?rest_route=%2Fwp%2Fv2%2Fproduct_cat&post=4187"},{"taxonomy":"product_tag","embeddable":true,"href":"https:\/\/shop.hsg-stuttgart-metzingen.de\/index.php?rest_route=%2Fwp%2Fv2%2Fproduct_tag&post=4187"}],"curies":[{"name":"wp","href":"https:\/\/api.w.org\/{rel}","templated":true}]}}