{"id":4215,"date":"2024-03-08T22:28:00","date_gmt":"2024-03-08T21:28:00","guid":{"rendered":"https:\/\/shop.hsg-stuttgart-metzingen.de\/?post_type=product&#038;p=4215"},"modified":"2025-01-22T15:18:51","modified_gmt":"2025-01-22T14:18:51","slug":"luftpumpe-12","status":"publish","type":"product","link":"https:\/\/shop.hsg-stuttgart-metzingen.de\/?product=luftpumpe-12","title":{"rendered":"LUFTPUMPE 12&#8242;"},"content":{"rendered":"<p>Die praktische LUFTPUMPE 12&#8242; kommt mit einem eingearbeiteten Ventilschlauch sowie einer europ\u00e4ischen Nadel. Durch Auf- und Abw\u00e4rtsbewegungen pumpst du B\u00e4lle besonders schnell auf.<\/p>\n<h3 class=\"description-block__title\">MATERIAL<\/h3>\n<ul class=\"description-block__content\">\n<li class=\"list-item\"><span class=\"list-item__value\">100% Polypropylen<\/span><\/li>\n<\/ul>\n","protected":false},"excerpt":{"rendered":"<ul class=\"description-block__content\">\n<li class=\"list-item\"><span class=\"list-item__value\">Zwei-Wege-Pumpe<\/span><\/li>\n<li class=\"list-item\"><span class=\"list-item__value\">Beschleunigt den Pumpvorgang gegen\u00fcber herk\u00f6mmlichen Luftpumpen<\/span><\/li>\n<li class=\"list-item\"><span class=\"list-item__value\">Inkl. eingearbeitetem Ventilschlauch und europ\u00e4ischer Nadel<\/span><\/li>\n<\/ul>\n","protected":false},"featured_media":4218,"template":"","meta":[],"product_brand":[],"product_cat":[66,132],"product_tag":[],"class_list":{"0":"post-4215","1":"product","2":"type-product","3":"status-publish","4":"has-post-thumbnail","6":"product_cat-equipment","7":"product_cat-sonstiges-zubehoer","9":"first","10":"instock","11":"shipping-taxable","12":"purchasable","13":"product-type-variable","14":"has-default-attributes"},"_links":{"self":[{"href":"https:\/\/shop.hsg-stuttgart-metzingen.de\/index.php?rest_route=\/wp\/v2\/product\/4215","targetHints":{"allow":["GET"]}}],"collection":[{"href":"https:\/\/shop.hsg-stuttgart-metzingen.de\/index.php?rest_route=\/wp\/v2\/product"}],"about":[{"href":"https:\/\/shop.hsg-stuttgart-metzingen.de\/index.php?rest_route=\/wp\/v2\/types\/product"}],"wp:featuredmedia":[{"embeddable":true,"href":"https:\/\/shop.hsg-stuttgart-metzingen.de\/index.php?rest_route=\/wp\/v2\/media\/4218"}],"wp:attachment":[{"href":"https:\/\/shop.hsg-stuttgart-metzingen.de\/index.php?rest_route=%2Fwp%2Fv2%2Fmedia&parent=4215"}],"wp:term":[{"taxonomy":"product_brand","embeddable":true,"href":"https:\/\/shop.hsg-stuttgart-metzingen.de\/index.php?rest_route=%2Fwp%2Fv2%2Fproduct_brand&post=4215"},{"taxonomy":"product_cat","embeddable":true,"href":"https:\/\/shop.hsg-stuttgart-metzingen.de\/index.php?rest_route=%2Fwp%2Fv2%2Fproduct_cat&post=4215"},{"taxonomy":"product_tag","embeddable":true,"href":"https:\/\/shop.hsg-stuttgart-metzingen.de\/index.php?rest_route=%2Fwp%2Fv2%2Fproduct_tag&post=4215"}],"curies":[{"name":"wp","href":"https:\/\/api.w.org\/{rel}","templated":true}]}}