{"id":4219,"date":"2024-03-08T22:38:51","date_gmt":"2024-03-08T21:38:51","guid":{"rendered":"https:\/\/shop.hsg-stuttgart-metzingen.de\/?post_type=product&#038;p=4219"},"modified":"2025-01-22T15:18:04","modified_gmt":"2025-01-22T14:18:04","slug":"ventilnadeln-3-stk","status":"publish","type":"product","link":"https:\/\/shop.hsg-stuttgart-metzingen.de\/?product=ventilnadeln-3-stk","title":{"rendered":"VENTILNADELN 3 STK."},"content":{"rendered":"<p>Unverzichtbar bei jeder Ballsportart sind gut aufgepumpte B\u00e4lle. Daf\u00fcr ben\u00f6tigt ihr neben einer Ballpumpe robuste Ventilnadeln. Unsere ERIMA Ventilnadeln sind aus 100% Stahl gefertigt und dadurch nicht abbrechbar oder verbiegbar. Sie kommen in einem praktischen Set mit drei St\u00fcck. Jede Ventilnadel entspricht der europ\u00e4ischen Norm und kann vielseitig f\u00fcr unterschiedliche Ballarten verwendet werden. Dank dem genormten Gewinde sind sie zudem bei verschiedene Ballpumpen einsetzbar.<\/p>\n<h3 class=\"description-block__title\">MATERIAL<\/h3>\n<ul class=\"description-block__content\">\n<li class=\"list-item\"><span class=\"list-item__value\">100% Stahl<\/span><\/li>\n<\/ul>\n","protected":false},"excerpt":{"rendered":"<ul class=\"description-block__content\">\n<li class=\"list-item\"><span class=\"list-item__value\">Zwei-Wege-Pumpe<\/span><\/li>\n<li class=\"list-item\"><span class=\"list-item__value\">Beschleunigt den Pumpvorgang gegen\u00fcber herk\u00f6mmlichen Luftpumpen<\/span><\/li>\n<li class=\"list-item\"><span class=\"list-item__value\">Inkl. eingearbeitetem Ventilschlauch und europ\u00e4ischer Nadel<\/span><\/li>\n<\/ul>\n","protected":false},"featured_media":4221,"template":"","meta":[],"product_brand":[],"product_cat":[66,132],"product_tag":[],"class_list":{"0":"post-4219","1":"product","2":"type-product","3":"status-publish","4":"has-post-thumbnail","6":"product_cat-equipment","7":"product_cat-sonstiges-zubehoer","9":"first","10":"instock","11":"shipping-taxable","12":"purchasable","13":"product-type-variable","14":"has-default-attributes"},"_links":{"self":[{"href":"https:\/\/shop.hsg-stuttgart-metzingen.de\/index.php?rest_route=\/wp\/v2\/product\/4219","targetHints":{"allow":["GET"]}}],"collection":[{"href":"https:\/\/shop.hsg-stuttgart-metzingen.de\/index.php?rest_route=\/wp\/v2\/product"}],"about":[{"href":"https:\/\/shop.hsg-stuttgart-metzingen.de\/index.php?rest_route=\/wp\/v2\/types\/product"}],"wp:featuredmedia":[{"embeddable":true,"href":"https:\/\/shop.hsg-stuttgart-metzingen.de\/index.php?rest_route=\/wp\/v2\/media\/4221"}],"wp:attachment":[{"href":"https:\/\/shop.hsg-stuttgart-metzingen.de\/index.php?rest_route=%2Fwp%2Fv2%2Fmedia&parent=4219"}],"wp:term":[{"taxonomy":"product_brand","embeddable":true,"href":"https:\/\/shop.hsg-stuttgart-metzingen.de\/index.php?rest_route=%2Fwp%2Fv2%2Fproduct_brand&post=4219"},{"taxonomy":"product_cat","embeddable":true,"href":"https:\/\/shop.hsg-stuttgart-metzingen.de\/index.php?rest_route=%2Fwp%2Fv2%2Fproduct_cat&post=4219"},{"taxonomy":"product_tag","embeddable":true,"href":"https:\/\/shop.hsg-stuttgart-metzingen.de\/index.php?rest_route=%2Fwp%2Fv2%2Fproduct_tag&post=4219"}],"curies":[{"name":"wp","href":"https:\/\/api.w.org\/{rel}","templated":true}]}}