{"id":4317,"date":"2024-03-09T20:23:15","date_gmt":"2024-03-09T19:23:15","guid":{"rendered":"https:\/\/shop.hsg-stuttgart-metzingen.de\/?post_type=product&#038;p=4317"},"modified":"2024-03-22T10:02:12","modified_gmt":"2024-03-22T09:02:12","slug":"unisex-athletic-longsleeve","status":"publish","type":"product","link":"https:\/\/shop.hsg-stuttgart-metzingen.de\/?product=unisex-athletic-longsleeve","title":{"rendered":"UNISEX ATHLETIC LONGSLEEVE"},"content":{"rendered":"<p>Mit unserem Athletic Longsleeve bist du bei kalten Temperaturen optimal gesch\u00fctzt. Egal ob unter dem Trikot, bei Wintersportarten oder Outdoor-Aktivit\u00e4ten in deiner Freizeit \u2013 das Longsleeve h\u00e4lt dich angenehm warm und unterst\u00fctzt dich in jeder Situation perfekt. Es ist aus einem schnelltrocknenden Funktionsmaterial gefertigt und nahtlos verarbeitet, damit du einen hohen Tragekomfort genie\u00dfen kannst und keine Reibung entsteht. Die gestrickten Designelemente an der Seite sorgen au\u00dferdem f\u00fcr die richtige Bel\u00fcftung und ein hervorragendes K\u00f6rperklima.<\/p>\n<p><span style=\"font-size: 1.7em;\">MATERIAL<\/span><\/p>\n<div class=\"description-block description-block-material\">\n<ul class=\"description-block__content\">\n<li class=\"list-item\"><span class=\"list-item__value\">100% Polyamid<\/span><\/li>\n<\/ul>\n<\/div>\n<div class=\"description-block description-block-moreinfos\">\n<p><span class=\"list-item__title\">Pflege:<\/span>\u00a0<span class=\"list-item__value entry--content\">Maschinenw\u00e4sche bei 30 \u00b0C, nicht Trockner geeignet, kein Weichsp\u00fcler, nicht bleichen oder chemisch reinigen.<\/span><\/p>\n<\/div>\n","protected":false},"excerpt":{"rendered":"<ul class=\"description-block__content\">\n<li class=\"list-item\"><span class=\"list-item__value\">Schnelltrocknendes Funktionsmaterial<\/span><\/li>\n<li class=\"list-item\"><span class=\"list-item__value\">Geruchshemmende Wirkung<\/span><\/li>\n<li class=\"list-item\"><span class=\"list-item__value\">Gestrickte Designelemente f\u00fcr hervorragendes K\u00f6rperklima<\/span><\/li>\n<li class=\"list-item\"><span class=\"list-item__value\">Nahtlos f\u00fcr h\u00f6heren Tragekomfort<\/span><\/li>\n<\/ul>\n","protected":false},"featured_media":4325,"template":"","meta":[],"product_brand":[],"product_cat":[70,95,96,101],"product_tag":[],"class_list":{"0":"post-4317","1":"product","2":"type-product","3":"status-publish","4":"has-post-thumbnail","6":"product_cat-damen","7":"product_cat-herren","8":"product_cat-oberteile","9":"product_cat-oberteile-damen","11":"first","12":"instock","13":"shipping-taxable","14":"purchasable","15":"product-type-variable","16":"has-default-attributes"},"_links":{"self":[{"href":"https:\/\/shop.hsg-stuttgart-metzingen.de\/index.php?rest_route=\/wp\/v2\/product\/4317","targetHints":{"allow":["GET"]}}],"collection":[{"href":"https:\/\/shop.hsg-stuttgart-metzingen.de\/index.php?rest_route=\/wp\/v2\/product"}],"about":[{"href":"https:\/\/shop.hsg-stuttgart-metzingen.de\/index.php?rest_route=\/wp\/v2\/types\/product"}],"wp:featuredmedia":[{"embeddable":true,"href":"https:\/\/shop.hsg-stuttgart-metzingen.de\/index.php?rest_route=\/wp\/v2\/media\/4325"}],"wp:attachment":[{"href":"https:\/\/shop.hsg-stuttgart-metzingen.de\/index.php?rest_route=%2Fwp%2Fv2%2Fmedia&parent=4317"}],"wp:term":[{"taxonomy":"product_brand","embeddable":true,"href":"https:\/\/shop.hsg-stuttgart-metzingen.de\/index.php?rest_route=%2Fwp%2Fv2%2Fproduct_brand&post=4317"},{"taxonomy":"product_cat","embeddable":true,"href":"https:\/\/shop.hsg-stuttgart-metzingen.de\/index.php?rest_route=%2Fwp%2Fv2%2Fproduct_cat&post=4317"},{"taxonomy":"product_tag","embeddable":true,"href":"https:\/\/shop.hsg-stuttgart-metzingen.de\/index.php?rest_route=%2Fwp%2Fv2%2Fproduct_tag&post=4317"}],"curies":[{"name":"wp","href":"https:\/\/api.w.org\/{rel}","templated":true}]}}