{"id":4406,"date":"2024-03-09T22:21:39","date_gmt":"2024-03-09T21:21:39","guid":{"rendered":"https:\/\/shop.hsg-stuttgart-metzingen.de\/?post_type=product&#038;p=4406"},"modified":"2025-08-01T19:15:15","modified_gmt":"2025-08-01T17:15:15","slug":"damen-essential-team-kapuzensweat","status":"publish","type":"product","link":"https:\/\/shop.hsg-stuttgart-metzingen.de\/?product=damen-essential-team-kapuzensweat","title":{"rendered":"DAMEN ESSENTIAL TEAM KAPUZENSWEAT"},"content":{"rendered":"<p><strong>Bitte unter Bemerkungen Wunschname angeben!<\/strong><\/p>\n<p>Das Essential Team Kapuzensweat ist aus einem angenehm weichen Baumwollmaterial gefertigt, das sich super bequem auf der Haut anf\u00fchlt und h\u00f6chsten Tragekomfort bietet. Ein gewisser Anteil an Polyester sorgt gleichzeitig f\u00fcr nat\u00fcrliche Bewegungsfreiheit. Super praktisch ist die aufgesetzte K\u00e4ngurutasche, in der du kleinere Gegenst\u00e4nde unterbringen kannst. Die Kapuze mit Kordelzug h\u00e4lt dich bei k\u00fchleren Temperaturen warm. An den \u00c4rmeln und dem Saum verf\u00fcgt das Kapuzensweat \u00fcber breite Rippb\u00fcndchen, die f\u00fcr einen optimalen Sitz sorgen. F\u00fcr eine perfekte Passform und eine sch\u00f6ne Silhouette sorgt der taillierte Schnitt. Das Sweatshirt kommt im schlichten Design unserer Essential Teamline, mit stylischem ERIMA Schwingen-Print an der Seite.<\/p>\n<p><span style=\"font-size: 1.7em;\">MATERIAL<\/span><\/p>\n<div class=\"description-block description-block-material\">\n<ul class=\"description-block__content\">\n<li class=\"list-item\">60% Baumwolle, 40% Polyeste<\/li>\n<\/ul>\n<\/div>\n<div class=\"description-block description-block-moreinfos\">\n<p><span class=\"list-item__title\">Pflege:<\/span>\u00a0<span class=\"list-item__value entry--content\">Maschinenw\u00e4sche bei 30 \u00b0C, nicht Trockner geeignet, kein Weichsp\u00fcler, nicht bleichen oder chemisch reinigen.<\/span><\/p>\n<\/div>\n","protected":false},"excerpt":{"rendered":"<ul class=\"description-block__content\">\n<li><strong>Mit HSG Druck, Logo und Namen\u00a0<\/strong><\/li>\n<li class=\"list-item\"><span class=\"list-item__value\">Weicher Baumwollmix<\/span><\/li>\n<li class=\"list-item\"><span class=\"list-item__value\">Leichter Stretch f\u00fcr nat\u00fcrliche Bewegungsfreiheit<\/span><\/li>\n<li class=\"list-item\"><span class=\"list-item__value\">Aufgesetzte K\u00e4ngurutasche<\/span><\/li>\n<li class=\"list-item\"><span class=\"list-item__value\">Kapuze mit Kordelzug<\/span><\/li>\n<li class=\"list-item\"><span class=\"list-item__value\">Breite Rippb\u00fcndchen an \u00c4rmel und Saum<\/span><\/li>\n<li class=\"list-item\"><span class=\"list-item__value\">ERIMA Schwingen-Print an der Seite<\/span><\/li>\n<li class=\"list-item\"><span class=\"list-item__value\">Taillierter Schnitt<\/span><\/li>\n<\/ul>\n","protected":false},"featured_media":4419,"template":"","meta":[],"product_brand":[],"product_cat":[70,203,94,101],"product_tag":[],"class_list":{"0":"post-4406","1":"product","2":"type-product","3":"status-publish","4":"has-post-thumbnail","6":"product_cat-damen","7":"product_cat-fanshop","8":"product_cat-hsg-team-kollektion","9":"product_cat-oberteile-damen","11":"first","12":"instock","13":"shipping-taxable","14":"purchasable","15":"product-type-variable"},"_links":{"self":[{"href":"https:\/\/shop.hsg-stuttgart-metzingen.de\/index.php?rest_route=\/wp\/v2\/product\/4406","targetHints":{"allow":["GET"]}}],"collection":[{"href":"https:\/\/shop.hsg-stuttgart-metzingen.de\/index.php?rest_route=\/wp\/v2\/product"}],"about":[{"href":"https:\/\/shop.hsg-stuttgart-metzingen.de\/index.php?rest_route=\/wp\/v2\/types\/product"}],"wp:featuredmedia":[{"embeddable":true,"href":"https:\/\/shop.hsg-stuttgart-metzingen.de\/index.php?rest_route=\/wp\/v2\/media\/4419"}],"wp:attachment":[{"href":"https:\/\/shop.hsg-stuttgart-metzingen.de\/index.php?rest_route=%2Fwp%2Fv2%2Fmedia&parent=4406"}],"wp:term":[{"taxonomy":"product_brand","embeddable":true,"href":"https:\/\/shop.hsg-stuttgart-metzingen.de\/index.php?rest_route=%2Fwp%2Fv2%2Fproduct_brand&post=4406"},{"taxonomy":"product_cat","embeddable":true,"href":"https:\/\/shop.hsg-stuttgart-metzingen.de\/index.php?rest_route=%2Fwp%2Fv2%2Fproduct_cat&post=4406"},{"taxonomy":"product_tag","embeddable":true,"href":"https:\/\/shop.hsg-stuttgart-metzingen.de\/index.php?rest_route=%2Fwp%2Fv2%2Fproduct_tag&post=4406"}],"curies":[{"name":"wp","href":"https:\/\/api.w.org\/{rel}","templated":true}]}}