{"id":4488,"date":"2024-03-15T18:17:20","date_gmt":"2024-03-15T17:17:20","guid":{"rendered":"https:\/\/shop.hsg-stuttgart-metzingen.de\/?post_type=product&#038;p=4488"},"modified":"2025-03-17T18:46:16","modified_gmt":"2025-03-17T17:46:16","slug":"herren-fan-trikot-erima-blau","status":"publish","type":"product","link":"https:\/\/shop.hsg-stuttgart-metzingen.de\/?product=herren-fan-trikot-erima-blau","title":{"rendered":"HERREN FAN TRIKOT Erima blau"},"content":{"rendered":"<p>Fan-Trikots Herren<\/p>\n<p>Eure gew\u00fcnschte Nummer und Namen im Feld Bemerkungen angeben!<\/p>\n<p><strong>Die Trikots k\u00f6nnen nur 2x j\u00e4hrlich bestellt werden. Die Bestellzeitr\u00e4ume werden vom Shop Team kommuniziert. <\/strong><\/p>\n<p><strong>Lieferzeit betr\u00e4gt 6-8 Wochen!<\/strong><\/p>\n","protected":false},"excerpt":{"rendered":"<ul>\n<li>\n<ul>\n<li><strong>F\u00fcr HSG Fans!<\/strong><\/li>\n<li><strong>Lieferzeit 6-8 Wochen<\/strong><\/li>\n<\/ul>\n<p>Wunsch Namen und Nummer unter Bemerkungen angeben!<\/li>\n<\/ul>\n","protected":false},"featured_media":3891,"template":"","meta":[],"product_brand":[],"product_cat":[203],"product_tag":[],"class_list":{"0":"post-4488","1":"product","2":"type-product","3":"status-publish","4":"has-post-thumbnail","6":"product_cat-fanshop","8":"first","9":"instock","10":"shipping-taxable","11":"purchasable","12":"product-type-variable","13":"has-default-attributes"},"_links":{"self":[{"href":"https:\/\/shop.hsg-stuttgart-metzingen.de\/index.php?rest_route=\/wp\/v2\/product\/4488","targetHints":{"allow":["GET"]}}],"collection":[{"href":"https:\/\/shop.hsg-stuttgart-metzingen.de\/index.php?rest_route=\/wp\/v2\/product"}],"about":[{"href":"https:\/\/shop.hsg-stuttgart-metzingen.de\/index.php?rest_route=\/wp\/v2\/types\/product"}],"wp:featuredmedia":[{"embeddable":true,"href":"https:\/\/shop.hsg-stuttgart-metzingen.de\/index.php?rest_route=\/wp\/v2\/media\/3891"}],"wp:attachment":[{"href":"https:\/\/shop.hsg-stuttgart-metzingen.de\/index.php?rest_route=%2Fwp%2Fv2%2Fmedia&parent=4488"}],"wp:term":[{"taxonomy":"product_brand","embeddable":true,"href":"https:\/\/shop.hsg-stuttgart-metzingen.de\/index.php?rest_route=%2Fwp%2Fv2%2Fproduct_brand&post=4488"},{"taxonomy":"product_cat","embeddable":true,"href":"https:\/\/shop.hsg-stuttgart-metzingen.de\/index.php?rest_route=%2Fwp%2Fv2%2Fproduct_cat&post=4488"},{"taxonomy":"product_tag","embeddable":true,"href":"https:\/\/shop.hsg-stuttgart-metzingen.de\/index.php?rest_route=%2Fwp%2Fv2%2Fproduct_tag&post=4488"}],"curies":[{"name":"wp","href":"https:\/\/api.w.org\/{rel}","templated":true}]}}